{"id":899,"date":"2022-09-01T10:59:16","date_gmt":"2022-09-01T10:59:16","guid":{"rendered":"https:\/\/medvita.lt\/contacts\/"},"modified":"2026-03-16T08:11:03","modified_gmt":"2026-03-16T08:11:03","slug":"ansprechpartner","status":"publish","type":"page","link":"https:\/\/medvita.lt\/de\/ansprechpartner\/","title":{"rendered":"Ansprechpartner"},"content":{"rendered":"<p>[vc_row row_width=&#8220;wtbx_stretch_row_content&#8220; nav_skin=&#8220;light&#8220; consent_include=&#8220;include&#8220; overlay_color=&#8220;{&#8222;solid&#8222;:{&#8222;id&#8222;:&#8222;custom_color&#8222;,&#8222;color&#8222;:&#8222;&#8222;}}&#8220; row_id=&#8220;maplocation&#8220;][vc_column el_design=&#8220;{&#8222;desktop&#8222;:{&#8222;padding-top&#8222;:&#8222;0&#8222;,&#8222;padding-right&#8222;:&#8222;0&#8222;,&#8222;padding-bottom&#8222;:&#8222;0&#8222;,&#8222;padding-left&#8222;:&#8222;0&#8222;}}&#8220; css_animation=&#8220;&#8220;][vc_raw_html]JTNDZGl2JTIwY2xhc3MlM0QlMjJtYXBsb2NhdGlvbiUyMiUzRSUzQ2lmcmFtZSUyMHNyYyUzRCUyMmh0dHBzJTNBJTJGJTJGd3d3Lmdvb2dsZS5jb20lMkZtYXBzJTJGZW1iZWQlM0ZwYiUzRCUyMTFtMTglMjExbTEyJTIxMW0zJTIxMWQyMjkzLjUxNjc0MTQwOTU0OTUlMjEyZDIzLjg0NTg0MDQyODEwNzQ3MiUyMTNkNTQuOTExNDAzODM2MDI2MDclMjEybTMlMjExZjAlMjEyZjAlMjEzZjAlMjEzbTIlMjExaTEwMjQlMjEyaTc2OCUyMTRmMTMuMSUyMTNtMyUyMTFtMiUyMTFzMHg0NmU3MjFlMTY1MDE0YjYxJTI1M0EweDU0NjBlYTM3ZWRmYTI1OTMlMjEyc1JhdWRvbmR2YXJpbyUyNTIwcGwuJTI1MjAxNTAlMjUyQyUyNTIwS2F1bmFzJTI1MkMlMjUyMDQ3MTc0JTI1MjBLYXVubyUyNTIwbS4lMjUyMHNhdi4lMjE1ZTAlMjEzbTIlMjExc2VuJTIxMnNsdCUyMTR2MTczODkyNzI3Mzg4NCUyMTVtMiUyMTFzZW4lMjEyc2x0JTIyJTIwd2lkdGglM0QlMjIxMDAlMjUlMjIlMjBoZWlnaHQlM0QlMjI0NTAlMjIlMjBzdHlsZSUzRCUyMmJvcmRlciUzQTAlM0IlMjIlMjBhbGxvd2Z1bGxzY3JlZW4lM0QlMjIlMjIlMjBsb2FkaW5nJTNEJTIybGF6eSUyMiUyMHJlZmVycmVycG9saWN5JTNEJTIybm8tcmVmZXJyZXItd2hlbi1kb3duZ3JhZGUlMjIlM0UlM0MlMkZpZnJhbWUlM0UlM0MlMkZkaXYlM0U=[\/vc_raw_html][\/vc_column][\/vc_row][vc_row nav_skin=&#8220;light&#8220; consent_include=&#8220;include&#8220; el_design=&#8220;{&#8222;mobile_landscape&#8222;:{&#8222;padding-bottom&#8222;:&#8222;0&#8222;},&#8222;tablet_portrait&#8222;:{&#8222;padding-bottom&#8222;:&#8222;40&#8222;},&#8222;desktop&#8222;:{&#8222;padding-bottom&#8222;:&#8222;60&#8222;}}&#8220;][vc_column el_design=&#8220;{&#8222;mobile_landscape&#8222;:{&#8222;shift-vertical&#8222;:-280},&#8222;tablet_portrait&#8222;:{&#8222;padding-top&#8222;:&#8222;60&#8222;,&#8222;padding-right&#8222;:&#8222;15&#8222;,&#8222;padding-left&#8222;:&#8222;15&#8222;,&#8222;shift-vertical&#8222;:-240},&#8222;desktop&#8222;:{&#8222;padding-top&#8222;:&#8222;15&#8222;,&#8222;padding-right&#8222;:&#8222;60&#8222;,&#8222;padding-bottom&#8222;:&#8222;15&#8222;,&#8222;padding-left&#8222;:&#8222;60&#8222;,&#8222;shift-vertical&#8222;:-200}}&#8220; css_animation=&#8220;wtbx-anim-bottom-to-top-small&#8220; css_animation_easing=&#8220;wtbx_easing-natural&#8220; css_animation_duration=&#8220;wtbx-duration-1000&#8243; css_animation_delay=&#8220;&#8220;][vc_content_box 1=&#8220;css_animation=&#8222;&#8220; style=&#8220;style_custom&#8220; shadow=&#8220;big_shadow&#8220; shadow_hover=&#8220;no_shadow&#8220; overflow=&#8220;&#8220; el_design=&#8220;{&#8222;desktop&#8222;:{&#8222;padding-top&#8222;:&#8222;0&#8222;,&#8222;padding-right&#8222;:&#8222;0&#8222;,&#8222;padding-bottom&#8222;:&#8222;0&#8222;,&#8222;padding-left&#8222;:&#8222;0&#8222;}}&#8220; border_hover=&#8220;default&#8220; equal_height=&#8220;alignment=&#8220; alignment=&#8220;&#8220; vertical_align=&#8220;horizontal_align=&#8220; horizontal_align=&#8220;&#8220; css_animation=&#8220;&#8220; bg_color=&#8220;{&#8222;solid&#8222;:{&#8222;id&#8222;:&#8222;custom_3715609566673309&#8222;,&#8222;color&#8222;:&#8222;#ffffff&#8222;}}&#8220; el_class=&#8220;cf-minimal&#8220;][vc_row_inner content_placement=&#8220;middle&#8220; consent_include=&#8220;include&#8220; equal_height=&#8220;true&#8220;][vc_column_inner el_design=&#8220;{&#8222;tablet_portrait&#8222;:{&#8222;padding-right&#8222;:&#8222;45&#8222;},&#8222;tablet_landscape&#8222;:{&#8222;padding-right&#8222;:&#8222;30%&#8222;},&#8222;desktop&#8222;:{&#8222;padding-top&#8222;:&#8222;45&#8222;,&#8222;padding-right&#8222;:&#8222;40%&#8222;,&#8222;padding-bottom&#8222;:&#8222;45&#8222;,&#8222;padding-left&#8222;:&#8222;45&#8222;}}&#8220; width=&#8220;2\/3&#8243; css_animation=&#8220;&#8220;][vc_heading heading_text=&#8220;Kontakt aufnehmen&#8220; heading_wrapper=&#8220;h2&#8243; heading_color=&#8220;{&#8222;solid&#8222;:{&#8222;id&#8222;:&#8222;Main accent color&#8222;,&#8222;color&#8222;:&#8222;#3d6339&#8222;}}&#8220; heading_typography=&#8220;{&#8222;variants&#8222;:&#8222;600&#8222;,&#8222;font_size&#8222;:&#8222;40px&#8222;}&#8220; css_animation=&#8220;&#8220;][vc_text_element css_animation=&#8220;&#8220; color=&#8220;{&#8222;id&#8222;:&#8222;custom_color&#8222;,&#8222;color&#8222;:&#8222;rgba(168,168,168,1)&#8222;}&#8220;]Wenn Sie sich f\u00fcr unsere Holz- oder Stahlprodukte interessieren, weitere Fragen haben oder mehr \u00fcber unser Unternehmen erfahren m\u00f6chten, kontaktieren Sie uns bitte. Wir beantworten gerne alle Ihre Fragen.[\/vc_text_element][vc_text_element typography=&#8220;{&#8222;variants&#8222;:&#8222;500&#8222;,&#8222;font_size&#8222;:&#8222;14px&#8222;,&#8222;line_height&#8222;:&#8222;18px&#8222;}&#8220; css_animation=&#8220;&#8220; color=&#8220;{&#8222;id&#8222;:&#8222;Dark color&#8222;,&#8222;color&#8222;:&#8222;#212121&#8222;}&#8220;]F\u00fcr Partnerschaftsangebote kontaktieren Sie uns:<\/p>\n<p style=\"color: gray;\">arunas@medvita.lt<\/p>\n<p>[\/vc_text_element][\/vc_column_inner][vc_column_inner el_design=&#8220;{&#8222;desktop&#8222;:{&#8222;padding-top&#8222;:&#8222;45&#8222;,&#8222;padding-right&#8222;:&#8222;45&#8222;,&#8222;padding-bottom&#8222;:&#8222;45&#8222;,&#8222;padding-left&#8222;:&#8222;45&#8222;}}&#8220; width=&#8220;1\/3&#8243; css_animation=&#8220;&#8220; custom_bg_color=&#8220;{&#8222;solid&#8222;:{&#8222;id&#8222;:&#8222;Main accent color&#8222;,&#8222;color&#8222;:&#8222;#4970ff&#8222;}}&#8220;][vc_heading heading_text=&#8220;Ansprechpartner&#8220; heading_wrapper=&#8220;h3&#8243; heading_color=&#8220;{&#8222;solid&#8222;:{&#8222;id&#8222;:&#8222;custom_3715609566673309&#8222;,&#8222;color&#8222;:&#8222;#ffffff&#8222;}}&#8220; heading_typography=&#8220;{&#8222;variants&#8222;:&#8222;600&#8222;,&#8222;font_size&#8222;:&#8222;22px&#8222;}&#8220; css_animation=&#8220;&#8220;][vc_empty_space height=&#8220;60px&#8220;][vc_service style=&#8220;left&#8220; heading=&#8220;Raudondvario pl. 150, Kaunas, LT-47174, Litauen&#8220; heading_typography=&#8220;{&#8222;variants&#8222;:&#8222;600&#8222;,&#8222;font_size&#8222;:&#8222;16px&#8222;}&#8220; css_animation=&#8220;&#8220; icon=&#8220;{&#8222;font&#8222;:&#8222;scape-tech&#8222;,&#8222;icon&#8222;:&#8222;scape-tech-Map-Pin-4&#8222;}&#8220; bullet_color=&#8220;{&#8222;solid&#8222;:{&#8222;id&#8222;:&#8222;custom_color&#8222;,&#8222;color&#8222;:&#8222;rgba(255,255,255,0.5)&#8222;}}&#8220; title_color=&#8220;{&#8222;solid&#8222;:{&#8222;id&#8222;:&#8222;custom_3715609566673309&#8222;,&#8222;color&#8222;:&#8222;#ffffff&#8222;}}&#8220;][\/vc_service][vc_empty_space][vc_service style=&#8220;left&#8220; heading=&#8220;+370 686 83564&#8243; heading_typography=&#8220;{&#8222;variants&#8222;:&#8222;600&#8222;,&#8222;font_size&#8222;:&#8222;16px&#8222;}&#8220; css_animation=&#8220;&#8220; icon=&#8220;{&#8222;font&#8222;:&#8222;scape-devices&#8222;,&#8222;icon&#8222;:&#8222;scape-devices-Smartphone-1&#8222;}&#8220; bullet_color=&#8220;{&#8222;solid&#8222;:{&#8222;id&#8222;:&#8222;custom_color&#8222;,&#8222;color&#8222;:&#8222;rgba(255,255,255,0.5)&#8222;}}&#8220; title_color=&#8220;{&#8222;solid&#8222;:{&#8222;id&#8222;:&#8222;custom_3715609566673309&#8222;,&#8222;color&#8222;:&#8222;#ffffff&#8222;}}&#8220;][\/vc_service][vc_empty_space][vc_service style=&#8220;left&#8220; heading=&#8220;arunas@medvita.lt&#8220; heading_typography=&#8220;{&#8222;variants&#8222;:&#8222;600&#8222;,&#8222;font_size&#8222;:&#8222;16px&#8222;}&#8220; css_animation=&#8220;&#8220; icon=&#8220;{&#8222;font&#8222;:&#8222;scape-tech&#8222;,&#8222;icon&#8222;:&#8222;scape-tech-Open-Mail-2&#8222;}&#8220; bullet_color=&#8220;{&#8222;solid&#8222;:{&#8222;id&#8222;:&#8222;custom_color&#8222;,&#8222;color&#8222;:&#8222;rgba(255,255,255,0.5)&#8222;}}&#8220; title_color=&#8220;{&#8222;solid&#8222;:{&#8222;id&#8222;:&#8222;custom_3715609566673309&#8222;,&#8222;color&#8222;:&#8222;#ffffff&#8222;}}&#8220;][\/vc_service][vc_empty_space height=&#8220;40px&#8220;][\/vc_column_inner][\/vc_row_inner][\/vc_content_box][vc_empty_space][vc_text_element typography=&#8220;{&#8222;font_size&#8222;:&#8222;16px&#8222;}&#8220; css_animation=&#8220;&#8220; color=&#8220;{&#8222;id&#8222;:&#8222;Light text color&#8222;,&#8222;color&#8222;:&#8222;#c0c9d6&#8222;}&#8220;]<\/p>\n<p style=\"text-align: center;\">Wenn Sie eine bestimmte Person erreichen m\u00f6chten, wenden Sie sich bitte an die unten stehenden Kontakte.<\/p>\n<p>[\/vc_text_element][\/vc_column][\/vc_row][vc_row max_width=&#8220;1190&#8243; content_placement=&#8220;middle&#8220; typography=&#8220;{&#8222;font_family&#8222;:&#8222;257589093&#8222;,&#8222;subsets&#8222;:&#8222;cyrillic&#8222;}&#8220; nav_skin=&#8220;light&#8220; consent_include=&#8220;include&#8220; equal_height=&#8220;true&#8220; el_design=&#8220;{&#8222;tablet_landscape&#8222;:{&#8222;padding-right&#8222;:&#8222;10&#8222;,&#8222;padding-left&#8222;:&#8222;10&#8222;},&#8222;desktop&#8222;:{&#8222;padding-bottom&#8222;:&#8222;120&#8222;}}&#8220; custom_bg_color=&#8220;{&#8222;solid&#8222;:{&#8222;id&#8222;:&#8222;&#8222;,&#8222;color&#8222;:&#8222;&#8222;}}&#8220;][vc_column el_design=&#8220;{&#8222;tablet_portrait&#8222;:{&#8222;padding-top&#8222;:&#8222;30&#8222;,&#8222;padding-bottom&#8222;:&#8222;30&#8222;},&#8222;desktop&#8222;:{&#8222;padding-top&#8222;:&#8222;15&#8222;,&#8222;padding-right&#8222;:&#8222;15&#8222;,&#8222;padding-bottom&#8222;:&#8222;15&#8222;,&#8222;padding-left&#8222;:&#8222;15&#8222;}}&#8220; width=&#8220;1\/3&#8243; css_animation=&#8220;wtbx-anim-bottom-to-top-small&#8220; css_animation_easing=&#8220;wtbx_easing-natural&#8220; css_animation_duration=&#8220;wtbx-duration-1000&#8243; css_animation_delay=&#8220;&#8220;][vc_content_box style=&#8220;style_3&#8243; overflow=&#8220;&#8220; el_design=&#8220;{&#8222;desktop&#8222;:{&#8222;padding-top&#8222;:&#8222;45&#8222;,&#8222;padding-right&#8222;:&#8222;45&#8222;,&#8222;padding-bottom&#8222;:&#8222;45&#8222;,&#8222;padding-left&#8222;:&#8222;45&#8222;}}&#8220; equal_height=&#8220;&#8220; alignment=&#8220;&#8220; vertical_align=&#8220;&#8220; horizontal_align=&#8220;&#8220; css_animation=&#8220;&#8220;][vc_heading heading_text=&#8220;Ar\u016bnas Zaleckis&#8220; heading_wrapper=&#8220;h4&#8243; alignment=&#8220;align_left&#8220; heading_color=&#8220;{&#8222;solid&#8222;:{&#8222;id&#8222;:&#8222;custom_color&#8222;,&#8222;color&#8222;:&#8222;rgba(59,97,62,1)&#8222;}}&#8220; heading_typography=&#8220;{&#8222;variants&#8222;:&#8222;500&#8222;,&#8222;font_size&#8222;:&#8222;20px&#8222;,&#8222;letter_spacing&#8222;:&#8222;0px&#8222;}&#8220; css_animation=&#8220;&#8220;][vc_text_element disable_margin=&#8220;yes&#8220; css_animation=&#8220;&#8220;]CEO[\/vc_text_element][vc_empty_space height=&#8220;20px&#8220;][vc_text_element disable_margin=&#8220;yes&#8220; css_animation=&#8220;&#8220;]arunas@medvita.lt[\/vc_text_element][vc_text_element disable_margin=&#8220;yes&#8220; css_animation=&#8220;&#8220;]+370 686 83564[\/vc_text_element][\/vc_content_box][\/vc_column][vc_column el_design=&#8220;{&#8222;tablet_portrait&#8222;:{&#8222;padding-top&#8222;:&#8222;30&#8222;,&#8222;padding-bottom&#8222;:&#8222;30&#8222;},&#8222;desktop&#8222;:{&#8222;padding-top&#8222;:&#8222;15&#8222;,&#8222;padding-right&#8222;:&#8222;15&#8222;,&#8222;padding-bottom&#8222;:&#8222;15&#8222;,&#8222;padding-left&#8222;:&#8222;15&#8222;}}&#8220; width=&#8220;1\/3&#8243; css_animation=&#8220;wtbx-anim-bottom-to-top-small&#8220; css_animation_easing=&#8220;wtbx_easing-natural&#8220; css_animation_duration=&#8220;wtbx-duration-1000&#8243; css_animation_delay=&#8220;wtbx-delay-100&#8243;][vc_content_box style=&#8220;style_3&#8243; overflow=&#8220;&#8220; el_design=&#8220;{&#8222;desktop&#8222;:{&#8222;padding-top&#8222;:&#8222;45&#8222;,&#8222;padding-right&#8222;:&#8222;45&#8222;,&#8222;padding-bottom&#8222;:&#8222;45&#8222;,&#8222;padding-left&#8222;:&#8222;45&#8222;}}&#8220; equal_height=&#8220;&#8220; alignment=&#8220;&#8220; vertical_align=&#8220;&#8220; horizontal_align=&#8220;&#8220; css_animation=&#8220;&#8220;][vc_heading heading_text=&#8220;\u017dydr\u016bnas Sketeris&#8220; heading_wrapper=&#8220;h4&#8243; alignment=&#8220;align_left&#8220; heading_color=&#8220;{&#8222;solid&#8222;:{&#8222;id&#8222;:&#8222;custom_color&#8222;,&#8222;color&#8222;:&#8222;rgba(59,97,62,1)&#8222;}}&#8220; heading_typography=&#8220;{&#8222;variants&#8222;:&#8222;500&#8222;,&#8222;font_size&#8222;:&#8222;20px&#8222;,&#8222;letter_spacing&#8222;:&#8222;0px&#8222;}&#8220; css_animation=&#8220;&#8220;][vc_text_element disable_margin=&#8220;yes&#8220; css_animation=&#8220;&#8220;]Exportleiter[\/vc_text_element][vc_empty_space height=&#8220;20px&#8220;][vc_text_element disable_margin=&#8220;yes&#8220; css_animation=&#8220;&#8220;]zydrius@medvita.lt[\/vc_text_element][vc_text_element disable_margin=&#8220;yes&#8220; css_animation=&#8220;&#8220;]+370 650 36238[\/vc_text_element][\/vc_content_box][\/vc_column][vc_column el_design=&#8220;{&#8222;tablet_portrait&#8222;:{&#8222;padding-top&#8222;:&#8222;30&#8222;,&#8222;padding-bottom&#8222;:&#8222;30&#8222;},&#8222;desktop&#8222;:{&#8222;padding-top&#8222;:&#8222;15&#8222;,&#8222;padding-right&#8222;:&#8222;15&#8222;,&#8222;padding-bottom&#8222;:&#8222;15&#8222;,&#8222;padding-left&#8222;:&#8222;15&#8222;}}&#8220; width=&#8220;1\/3&#8243; css_animation=&#8220;wtbx-anim-bottom-to-top-small&#8220; css_animation_easing=&#8220;wtbx_easing-natural&#8220; css_animation_duration=&#8220;wtbx-duration-1000&#8243; css_animation_delay=&#8220;wtbx-delay-200&#8243;][vc_content_box style=&#8220;style_3&#8243; overflow=&#8220;&#8220; el_design=&#8220;{&#8222;desktop&#8222;:{&#8222;padding-top&#8222;:&#8222;45&#8222;,&#8222;padding-right&#8222;:&#8222;45&#8222;,&#8222;padding-bottom&#8222;:&#8222;45&#8222;,&#8222;padding-left&#8222;:&#8222;45&#8222;}}&#8220; equal_height=&#8220;&#8220; alignment=&#8220;&#8220; vertical_align=&#8220;&#8220; horizontal_align=&#8220;&#8220; css_animation=&#8220;&#8220;][vc_heading heading_text=&#8220;Sigitas Mali\u0161auskas&#8220; heading_wrapper=&#8220;h4&#8243; alignment=&#8220;align_left&#8220; heading_color=&#8220;{&#8222;solid&#8222;:{&#8222;id&#8222;:&#8222;custom_color&#8222;,&#8222;color&#8222;:&#8222;rgba(59,97,62,1)&#8222;}}&#8220; heading_typography=&#8220;{&#8222;variants&#8222;:&#8222;500&#8222;,&#8222;font_size&#8222;:&#8222;20px&#8222;,&#8222;letter_spacing&#8222;:&#8222;0px&#8222;}&#8220; css_animation=&#8220;&#8220;][vc_text_element disable_margin=&#8220;yes&#8220; css_animation=&#8220;&#8220;]Leiter Holz-Export[\/vc_text_element][vc_empty_space height=&#8220;20px&#8220;][vc_text_element disable_margin=&#8220;yes&#8220; css_animation=&#8220;&#8220;]sigitas@medvita.lt[\/vc_text_element][vc_text_element disable_margin=&#8220;yes&#8220; css_animation=&#8220;&#8220;]+370 698 22520[\/vc_text_element][\/vc_content_box][\/vc_column][\/vc_row]<\/p>\n","protected":false},"excerpt":{"rendered":"<p>[vc_row row_width=&#8220;wtbx_stretch_row_content&#8220; nav_skin=&#8220;light&#8220; consent_include=&#8220;include&#8220; overlay_color=&#8220;{&#8222;solid&#8222;:{&#8222;id&#8222;:&#8222;custom_color&#8222;,&#8222;color&#8222;:&#8222;&#8222;}}&#8220; row_id=&#8220;maplocation&#8220;][vc_column el_design=&#8220;{&#8222;desktop&#8222;:{&#8222;padding-top&#8222;:&#8222;0&#8222;,&#8222;padding-right&#8222;:&#8222;0&#8222;,&#8222;padding-bottom&#8222;:&#8222;0&#8222;,&#8222;padding-left&#8222;:&#8222;0&#8222;}}&#8220; css_animation=&#8220;&#8220;][vc_raw_html]JTNDZGl2JTIwY2xhc3MlM0QlMjJtYXBsb2NhdGlvbiUyMiUzRSUzQ2lmcmFtZSUyMHNyYyUzRCUyMmh0dHBzJTNBJTJGJTJGd3d3Lmdvb2dsZS5jb20lMkZtYXBzJTJGZW1iZWQlM0ZwYiUzRCUyMTFtMTglMjExbTEyJTIxMW0zJTIxMWQyMjkzLjUxNjc0MTQwOTU0OTUlMjEyZDIzLjg0NTg0MDQyODEwNzQ3MiUyMTNkNTQuOTExNDAzODM2MDI2MDclMjEybTMlMjExZjAlMjEyZjAlMjEzZjAlMjEzbTIlMjExaTEwMjQlMjEyaTc2OCUyMTRmMTMuMSUyMTNtMyUyMTFtMiUyMTFzMHg0NmU3MjFlMTY1MDE0YjYxJTI1M0EweDU0NjBlYTM3ZWRmYTI1OTMlMjEyc1JhdWRvbmR2YXJpbyUyNTIwcGwuJTI1MjAxNTAlMjUyQyUyNTIwS2F1bmFzJTI1MkMlMjUyMDQ3MTc0JTI1MjBLYXVubyUyNTIwbS4lMjUyMHNhdi4lMjE1ZTAlMjEzbTIlMjExc2VuJTIxMnNsdCUyMTR2MTczODkyNzI3Mzg4NCUyMTVtMiUyMTFzZW4lMjEyc2x0JTIyJTIwd2lkdGglM0QlMjIxMDAlMjUlMjIlMjBoZWlnaHQlM0QlMjI0NTAlMjIlMjBzdHlsZSUzRCUyMmJvcmRlciUzQTAlM0IlMjIlMjBhbGxvd2Z1bGxzY3JlZW4lM0QlMjIlMjIlMjBsb2FkaW5nJTNEJTIybGF6eSUyMiUyMHJlZmVycmVycG9saWN5JTNEJTIybm8tcmVmZXJyZXItd2hlbi1kb3duZ3JhZGUlMjIlM0UlM0MlMkZpZnJhbWUlM0UlM0MlMkZkaXYlM0U=[\/vc_raw_html][\/vc_column][\/vc_row][vc_row nav_skin=&#8220;light&#8220; consent_include=&#8220;include&#8220; el_design=&#8220;{&#8222;mobile_landscape&#8222;:{&#8222;padding-bottom&#8222;:&#8222;0&#8222;},&#8222;tablet_portrait&#8222;:{&#8222;padding-bottom&#8222;:&#8222;40&#8222;},&#8222;desktop&#8222;:{&#8222;padding-bottom&#8222;:&#8222;60&#8222;}}&#8220;][vc_column el_design=&#8220;{&#8222;mobile_landscape&#8222;:{&#8222;shift-vertical&#8222;:-280},&#8222;tablet_portrait&#8222;:{&#8222;padding-top&#8222;:&#8222;60&#8222;,&#8222;padding-right&#8222;:&#8222;15&#8222;,&#8222;padding-left&#8222;:&#8222;15&#8222;,&#8222;shift-vertical&#8222;:-240},&#8222;desktop&#8222;:{&#8222;padding-top&#8222;:&#8222;15&#8222;,&#8222;padding-right&#8222;:&#8222;60&#8222;,&#8222;padding-bottom&#8222;:&#8222;15&#8222;,&#8222;padding-left&#8222;:&#8222;60&#8222;,&#8222;shift-vertical&#8222;:-200}}&#8220; css_animation=&#8220;wtbx-anim-bottom-to-top-small&#8220; css_animation_easing=&#8220;wtbx_easing-natural&#8220; css_animation_duration=&#8220;wtbx-duration-1000&#8243; css_animation_delay=&#8220;&#8220;][vc_content_box 1=&#8220;css_animation=&#8222;&#8220; style=&#8220;style_custom&#8220; shadow=&#8220;big_shadow&#8220; shadow_hover=&#8220;no_shadow&#8220; overflow=&#8220;&#8220; el_design=&#8220;{&#8222;desktop&#8222;:{&#8222;padding-top&#8222;:&#8222;0&#8222;,&#8222;padding-right&#8222;:&#8222;0&#8222;,&#8222;padding-bottom&#8222;:&#8222;0&#8222;,&#8222;padding-left&#8222;:&#8222;0&#8222;}}&#8220; border_hover=&#8220;default&#8220; equal_height=&#8220;alignment=&#8220; alignment=&#8220;&#8220; vertical_align=&#8220;horizontal_align=&#8220; horizontal_align=&#8220;&#8220; css_animation=&#8220;&#8220; bg_color=&#8220;{&#8222;solid&#8222;:{&#8222;id&#8222;:&#8222;custom_3715609566673309&#8222;,&#8222;color&#8222;:&#8222;#ffffff&#8222;}}&#8220; el_class=&#8220;cf-minimal&#8220;][vc_row_inner content_placement=&#8220;middle&#8220; consent_include=&#8220;include&#8220; equal_height=&#8220;true&#8220;][vc_column_inner el_design=&#8220;{&#8222;tablet_portrait&#8222;:{&#8222;padding-right&#8222;:&#8222;45&#8222;},&#8222;tablet_landscape&#8222;:{&#8222;padding-right&#8222;:&#8222;30%&#8222;},&#8222;desktop&#8222;:{&#8222;padding-top&#8222;:&#8222;45&#8222;,&#8222;padding-right&#8222;:&#8222;40%&#8222;,&#8222;padding-bottom&#8222;:&#8222;45&#8222;,&#8222;padding-left&#8222;:&#8222;45&#8222;}}&#8220; width=&#8220;2\/3&#8243; css_animation=&#8220;&#8220;][vc_heading heading_text=&#8220;Kontakt aufnehmen&#8220; heading_wrapper=&#8220;h2&#8243; heading_color=&#8220;{&#8222;solid&#8222;:{&#8222;id&#8222;:&#8222;Main accent color&#8222;,&#8222;color&#8222;:&#8222;#3d6339&#8222;}}&#8220; heading_typography=&#8220;{&#8222;variants&#8222;:&#8222;600&#8222;,&#8222;font_size&#8222;:&#8222;40px&#8222;}&#8220; css_animation=&#8220;&#8220;][vc_text_element css_animation=&#8220;&#8220; color=&#8220;{&#8222;id&#8222;:&#8222;custom_color&#8222;,&#8222;color&#8222;:&#8222;rgba(168,168,168,1)&#8222;}&#8220;]Wenn Sie sich f\u00fcr unsere Holz- oder Stahlprodukte interessieren, weitere Fragen haben oder mehr \u00fcber unser Unternehmen erfahren m\u00f6chten, kontaktieren Sie uns bitte. Wir beantworten gerne alle Ihre Fragen.[\/vc_text_element][vc_text_element typography=&#8220;{&#8222;variants&#8222;:&#8222;500&#8222;,&#8222;font_size&#8222;:&#8222;14px&#8222;,&#8222;line_height&#8222;:&#8222;18px&#8222;}&#8220; [&hellip;]<\/p>\n","protected":false},"author":1,"featured_media":0,"parent":0,"menu_order":0,"comment_status":"closed","ping_status":"closed","template":"","meta":[],"_links":{"self":[{"href":"https:\/\/medvita.lt\/de\/wp-json\/wp\/v2\/pages\/899"}],"collection":[{"href":"https:\/\/medvita.lt\/de\/wp-json\/wp\/v2\/pages"}],"about":[{"href":"https:\/\/medvita.lt\/de\/wp-json\/wp\/v2\/types\/page"}],"author":[{"embeddable":true,"href":"https:\/\/medvita.lt\/de\/wp-json\/wp\/v2\/users\/1"}],"replies":[{"embeddable":true,"href":"https:\/\/medvita.lt\/de\/wp-json\/wp\/v2\/comments?post=899"}],"version-history":[{"count":5,"href":"https:\/\/medvita.lt\/de\/wp-json\/wp\/v2\/pages\/899\/revisions"}],"predecessor-version":[{"id":1097,"href":"https:\/\/medvita.lt\/de\/wp-json\/wp\/v2\/pages\/899\/revisions\/1097"}],"wp:attachment":[{"href":"https:\/\/medvita.lt\/de\/wp-json\/wp\/v2\/media?parent=899"}],"curies":[{"name":"wp","href":"https:\/\/api.w.org\/{rel}","templated":true}]}}